{"id":358,"date":"2021-01-29T19:39:12","date_gmt":"2021-01-29T18:39:12","guid":{"rendered":"http:\/\/selbstnis.de\/?page_id=358"},"modified":"2021-02-10T18:52:37","modified_gmt":"2021-02-10T17:52:37","slug":"kontakt","status":"publish","type":"page","link":"https:\/\/selbstnis.de\/?page_id=358","title":{"rendered":"Kontakt"},"content":{"rendered":"\n<div class=\"wp-block-columns are-vertically-aligned-center has-background is-layout-flex wp-container-core-columns-is-layout-9d6595d7 wp-block-columns-is-layout-flex\" style=\"background-color:#f08800\">\n<div class=\"wp-block-column is-vertically-aligned-center is-layout-flow wp-block-column-is-layout-flow\" style=\"flex-basis:100%\"><div class=\"wpforms-container wpforms-container-full\" id=\"wpforms-1168\"><form id=\"wpforms-form-1168\" class=\"wpforms-validate wpforms-form\" data-formid=\"1168\" method=\"post\" enctype=\"multipart\/form-data\" action=\"\/index.php?rest_route=%2Fwp%2Fv2%2Fpages%2F358\" data-token=\"474289510b5bcc437b7dfa976022b27d\"><noscript class=\"wpforms-error-noscript\">Bitte aktiviere JavaScript in deinem Browser, um dieses Formular fertigzustellen.<\/noscript><div class=\"wpforms-field-container\"><div id=\"wpforms-1168-field_1-container\" class=\"wpforms-field wpforms-field-name\" data-field-id=\"1\"><label class=\"wpforms-field-label\" for=\"wpforms-1168-field_1\">Mein Name <span class=\"wpforms-required-label\">*<\/span><\/label><div class=\"wpforms-field-row wpforms-field-medium\"><div class=\"wpforms-field-row-block wpforms-first wpforms-one-half\"><input type=\"text\" id=\"wpforms-1168-field_1\" class=\"wpforms-field-name-first wpforms-field-required\" name=\"wpforms[fields][1][first]\" required><label for=\"wpforms-1168-field_1\" class=\"wpforms-field-sublabel after \">Vorname<\/label><\/div><div class=\"wpforms-field-row-block wpforms-one-half\"><input type=\"text\" id=\"wpforms-1168-field_1-last\" class=\"wpforms-field-name-last wpforms-field-required\" name=\"wpforms[fields][1][last]\" required><label for=\"wpforms-1168-field_1-last\" class=\"wpforms-field-sublabel after \">Nachname<\/label><\/div><\/div><\/div><div id=\"wpforms-1168-field_2-container\" class=\"wpforms-field wpforms-field-email\" data-field-id=\"2\"><label class=\"wpforms-field-label\" for=\"wpforms-1168-field_2\">Meine E-Mail Adresse <span class=\"wpforms-required-label\">*<\/span><\/label><input type=\"email\" id=\"wpforms-1168-field_2\" class=\"wpforms-field-medium wpforms-field-required\" name=\"wpforms[fields][2]\" required><\/div><div id=\"wpforms-1168-field_4-container\" class=\"wpforms-field wpforms-field-textarea\" data-field-id=\"4\"><label class=\"wpforms-field-label\" for=\"wpforms-1168-field_4\">Meine Nachricht an Selbstnis <span class=\"wpforms-required-label\">*<\/span><\/label><textarea id=\"wpforms-1168-field_4\" class=\"wpforms-field-medium wpforms-field-required\" name=\"wpforms[fields][4]\" required><\/textarea><\/div><div id=\"wpforms-1168-field_5-container\" class=\"wpforms-field wpforms-field-gdpr-checkbox\" data-field-id=\"5\"><label class=\"wpforms-field-label\" for=\"wpforms-1168-field_5\">DSGVO-Einverst\u00e4ndnis <span class=\"wpforms-required-label\">*<\/span><\/label><ul id=\"wpforms-1168-field_5\" class=\"wpforms-field-required\"><li class=\"choice-1\"><input type=\"checkbox\" id=\"wpforms-1168-field_5_1\" name=\"wpforms[fields][5][]\" value=\"Ich willige ein, dass diese Website meine \u00fcbermittelten Informationen speichert, sodass meine Anfrage beantwortet werden kann.\" required ><label class=\"wpforms-field-label-inline\" for=\"wpforms-1168-field_5_1\">Ich willige ein, dass diese Website meine \u00fcbermittelten Informationen speichert, sodass meine Anfrage beantwortet werden kann.<\/label><\/li><\/ul><\/div><\/div><div class=\"wpforms-submit-container\" ><input type=\"hidden\" name=\"wpforms[id]\" value=\"1168\"><input type=\"hidden\" name=\"wpforms[author]\" value=\"1\"><button type=\"submit\" name=\"wpforms[submit]\" class=\"wpforms-submit \" id=\"wpforms-submit-1168\" value=\"wpforms-submit\" aria-live=\"assertive\" data-alt-text=\"Senden...\" data-submit-text=\"Absenden\">Absenden<\/button><\/div><\/form><\/div>  <!-- .wpforms-container --><\/div>\n<\/div>\n\n\n\n<p class=\"has-text-color\" style=\"color:#a20f5f\">Wenn Du Fragen an mich hast zum Selbstnis-Coaching, zu innerer Kommunikation mit dem Unbewussten,  zu Pers\u00f6nlichkeitsanalyse und Potentialentwicklung, freue ich mich auf Nachricht von Dir &#8211; ich bin gerne f\u00fcr Dich da! \u00dcber Anregungen und Verbesserungsvorschl\u00e4ge freue ich mich auch. Deine Zufriedenheit liegt mir am Herzen und ist mein oberstes Ziel!<\/p>\n","protected":false},"excerpt":{"rendered":"<p>Wenn Du Fragen an mich hast zum Selbstnis-Coaching, zu innerer Kommunikation mit dem Unbewussten, zu Pers\u00f6nlichkeitsanalyse und Potentialentwicklung, freue ich mich auf Nachricht von Dir &#8211; ich bin gerne f\u00fcr Dich da! \u00dcber Anregungen und Verbesserungsvorschl\u00e4ge freue ich mich auch. Deine Zufriedenheit liegt mir am Herzen und ist mein oberstes Ziel!<\/p>\n","protected":false},"author":1,"featured_media":0,"parent":0,"menu_order":4,"comment_status":"closed","ping_status":"closed","template":"","meta":{"footnotes":""},"class_list":["post-358","page","type-page","status-publish","hentry"],"uagb_featured_image_src":{"full":false,"thumbnail":false,"medium":false,"medium_large":false,"large":false,"1536x1536":false,"2048x2048":false,"mailpoet_newsletter_max":false},"uagb_author_info":{"display_name":"Karin Leutenegger","author_link":"https:\/\/selbstnis.de\/author\/karin-leutenegger"},"uagb_comment_info":0,"uagb_excerpt":"Wenn Du Fragen an mich hast zum Selbstnis-Coaching, zu innerer Kommunikation mit dem Unbewussten, zu Pers\u00f6nlichkeitsanalyse und Potentialentwicklung, freue ich mich auf Nachricht von Dir &#8211; ich bin gerne f\u00fcr Dich da! \u00dcber Anregungen und Verbesserungsvorschl\u00e4ge freue ich mich auch. Deine Zufriedenheit liegt mir am Herzen und ist mein oberstes Ziel!","_links":{"self":[{"href":"https:\/\/selbstnis.de\/index.php?rest_route=\/wp\/v2\/pages\/358","targetHints":{"allow":["GET"]}}],"collection":[{"href":"https:\/\/selbstnis.de\/index.php?rest_route=\/wp\/v2\/pages"}],"about":[{"href":"https:\/\/selbstnis.de\/index.php?rest_route=\/wp\/v2\/types\/page"}],"author":[{"embeddable":true,"href":"https:\/\/selbstnis.de\/index.php?rest_route=\/wp\/v2\/users\/1"}],"replies":[{"embeddable":true,"href":"https:\/\/selbstnis.de\/index.php?rest_route=%2Fwp%2Fv2%2Fcomments&post=358"}],"version-history":[{"count":9,"href":"https:\/\/selbstnis.de\/index.php?rest_route=\/wp\/v2\/pages\/358\/revisions"}],"predecessor-version":[{"id":1172,"href":"https:\/\/selbstnis.de\/index.php?rest_route=\/wp\/v2\/pages\/358\/revisions\/1172"}],"wp:attachment":[{"href":"https:\/\/selbstnis.de\/index.php?rest_route=%2Fwp%2Fv2%2Fmedia&parent=358"}],"curies":[{"name":"wp","href":"https:\/\/api.w.org\/{rel}","templated":true}]}}