{"id":353,"date":"2021-01-29T19:35:46","date_gmt":"2021-01-29T18:35:46","guid":{"rendered":"http:\/\/selbstnis.de\/?page_id=353"},"modified":"2021-02-10T23:46:56","modified_gmt":"2021-02-10T22:46:56","slug":"ueber-mich","status":"publish","type":"page","link":"https:\/\/selbstnis.de\/?page_id=353","title":{"rendered":"\u00dcber mich"},"content":{"rendered":"\t\t<div data-elementor-type=\"wp-page\" data-elementor-id=\"353\" class=\"elementor elementor-353\" data-elementor-settings=\"[]\">\n\t\t\t\t\t\t<div class=\"elementor-inner\">\n\t\t\t\t\t\t\t<div class=\"elementor-section-wrap\">\n\t\t\t\t\t\t\t<section class=\"elementor-section elementor-top-section elementor-element elementor-element-c0f6719 elementor-section-stretched elementor-section-boxed elementor-section-height-default elementor-section-height-default\" data-id=\"c0f6719\" data-element_type=\"section\" data-settings=\"{&quot;stretch_section&quot;:&quot;section-stretched&quot;}\">\n\t\t\t\t\t\t<div class=\"elementor-container elementor-column-gap-default\">\n\t\t\t\t\t\t\t<div class=\"elementor-row\">\n\t\t\t\t\t<div class=\"elementor-column elementor-col-100 elementor-top-column elementor-element elementor-element-a3f8e5f\" data-id=\"a3f8e5f\" data-element_type=\"column\">\n\t\t\t<div class=\"elementor-column-wrap\">\n\t\t\t\t\t\t\t<div class=\"elementor-widget-wrap\">\n\t\t\t\t\t\t\t\t<\/div>\n\t\t\t\t\t<\/div>\n\t\t<\/div>\n\t\t\t\t\t\t\t\t<\/div>\n\t\t\t\t\t<\/div>\n\t\t<\/section>\n\t\t\t\t<section class=\"elementor-section elementor-top-section elementor-element elementor-element-592a3b79 elementor-section-stretched elementor-section-boxed elementor-section-height-default elementor-section-height-default\" data-id=\"592a3b79\" data-element_type=\"section\" data-settings=\"{&quot;stretch_section&quot;:&quot;section-stretched&quot;,&quot;background_background&quot;:&quot;classic&quot;}\">\n\t\t\t\t\t\t\t<div class=\"elementor-background-overlay\"><\/div>\n\t\t\t\t\t\t\t<div class=\"elementor-container elementor-column-gap-default\">\n\t\t\t\t\t\t\t<div class=\"elementor-row\">\n\t\t\t\t\t<div class=\"elementor-column elementor-col-100 elementor-top-column elementor-element elementor-element-725749e0\" data-id=\"725749e0\" data-element_type=\"column\">\n\t\t\t<div class=\"elementor-column-wrap elementor-element-populated\">\n\t\t\t\t\t\t\t<div class=\"elementor-widget-wrap\">\n\t\t\t\t\t\t<div class=\"elementor-element elementor-element-1f9e9aa7 elementor-widget elementor-widget-heading\" data-id=\"1f9e9aa7\" data-element_type=\"widget\" data-widget_type=\"heading.default\">\n\t\t\t\t<div class=\"elementor-widget-container\">\n\t\t\t<h1 class=\"elementor-heading-title elementor-size-default\">Pers\u00f6nlichkeitsentwicklung, Mut &amp; St\u00e4rke<br>durch innere Kommunikation<\/h1>\t\t<\/div>\n\t\t\t\t<\/div>\n\t\t\t\t\t\t<\/div>\n\t\t\t\t\t<\/div>\n\t\t<\/div>\n\t\t\t\t\t\t\t\t<\/div>\n\t\t\t\t\t<\/div>\n\t\t<\/section>\n\t\t\t\t<section class=\"elementor-section elementor-top-section elementor-element elementor-element-1e1a37b6 elementor-section-boxed elementor-section-height-default elementor-section-height-default\" data-id=\"1e1a37b6\" data-element_type=\"section\">\n\t\t\t\t\t\t<div class=\"elementor-container elementor-column-gap-default\">\n\t\t\t\t\t\t\t<div class=\"elementor-row\">\n\t\t\t\t\t<div class=\"elementor-column elementor-col-100 elementor-top-column elementor-element elementor-element-29b4ec1d\" data-id=\"29b4ec1d\" data-element_type=\"column\">\n\t\t\t<div class=\"elementor-column-wrap elementor-element-populated\">\n\t\t\t\t\t\t\t<div class=\"elementor-widget-wrap\">\n\t\t\t\t\t\t<div class=\"elementor-element elementor-element-6458d4bd elementor-widget elementor-widget-heading\" data-id=\"6458d4bd\" data-element_type=\"widget\" data-widget_type=\"heading.default\">\n\t\t\t\t<div class=\"elementor-widget-container\">\n\t\t\t<h2 class=\"elementor-heading-title elementor-size-default\">Nerven st\u00e4rken, Stress reduzieren &amp; mit innerer Kommunikation Lebenskrisen \u00fcberwinden<\/h2>\t\t<\/div>\n\t\t\t\t<\/div>\n\t\t\t\t\t\t<\/div>\n\t\t\t\t\t<\/div>\n\t\t<\/div>\n\t\t\t\t\t\t\t\t<\/div>\n\t\t\t\t\t<\/div>\n\t\t<\/section>\n\t\t\t\t<section class=\"elementor-section elementor-top-section elementor-element elementor-element-f53ac31 elementor-section-stretched elementor-section-boxed elementor-section-height-default elementor-section-height-default\" data-id=\"f53ac31\" data-element_type=\"section\" data-settings=\"{&quot;background_background&quot;:&quot;classic&quot;,&quot;stretch_section&quot;:&quot;section-stretched&quot;}\">\n\t\t\t\t\t\t<div class=\"elementor-container elementor-column-gap-no\">\n\t\t\t\t\t\t\t<div class=\"elementor-row\">\n\t\t\t\t\t<div class=\"elementor-column elementor-col-100 elementor-top-column elementor-element elementor-element-44cff01d\" data-id=\"44cff01d\" data-element_type=\"column\">\n\t\t\t<div class=\"elementor-column-wrap elementor-element-populated\">\n\t\t\t\t\t\t\t<div class=\"elementor-widget-wrap\">\n\t\t\t\t\t\t<section class=\"elementor-section elementor-inner-section elementor-element elementor-element-6b38b1f9 elementor-section-content-middle elementor-section-boxed elementor-section-height-default elementor-section-height-default\" data-id=\"6b38b1f9\" data-element_type=\"section\">\n\t\t\t\t\t\t<div class=\"elementor-container elementor-column-gap-default\">\n\t\t\t\t\t\t\t<div class=\"elementor-row\">\n\t\t\t\t\t<div class=\"elementor-column elementor-col-50 elementor-inner-column elementor-element elementor-element-37bd34fa\" data-id=\"37bd34fa\" data-element_type=\"column\" data-settings=\"{&quot;background_background&quot;:&quot;classic&quot;}\">\n\t\t\t<div class=\"elementor-column-wrap elementor-element-populated\">\n\t\t\t\t\t\t\t<div class=\"elementor-widget-wrap\">\n\t\t\t\t\t\t<div class=\"elementor-element elementor-element-55f5f16b elementor-widget elementor-widget-heading\" data-id=\"55f5f16b\" data-element_type=\"widget\" data-widget_type=\"heading.default\">\n\t\t\t\t<div class=\"elementor-widget-container\">\n\t\t\t<h3 class=\"elementor-heading-title elementor-size-large\">DEINE EXPERTIN F\u00dcR INNERE KOMMUNIKATION<\/h3>\t\t<\/div>\n\t\t\t\t<\/div>\n\t\t\t\t<div class=\"elementor-element elementor-element-59f64879 elementor-widget-divider--view-line elementor-widget elementor-widget-divider\" data-id=\"59f64879\" data-element_type=\"widget\" data-widget_type=\"divider.default\">\n\t\t\t\t<div class=\"elementor-widget-container\">\n\t\t\t\t\t<div class=\"elementor-divider\">\n\t\t\t<span class=\"elementor-divider-separator\">\n\t\t\t\t\t\t<\/span>\n\t\t<\/div>\n\t\t\t\t<\/div>\n\t\t\t\t<\/div>\n\t\t\t\t<div class=\"elementor-element elementor-element-68a59484 elementor-widget elementor-widget-text-editor\" data-id=\"68a59484\" data-element_type=\"widget\" data-widget_type=\"text-editor.default\">\n\t\t\t\t<div class=\"elementor-widget-container\">\n\t\t\t\t\t<div class=\"elementor-text-editor elementor-clearfix\"><ul><li style=\"font-size: 15px;\"><span style=\"font-style: inherit;\">Herzlich willkommen! Sch\u00f6n, dass Du hier bist!<\/span><\/li><li style=\"font-size: 15px;\"><span style=\"font-style: inherit;\">Ich bin Karin, deine Selbstnis-Mentorin:<\/span><\/li><li style=\"font-size: 15px;\"><span style=\"font-style: inherit;\">geboren in den 1960-ern am sch\u00f6nen Bodensee,<\/span><\/li><li style=\"font-size: 15px;\"><span style=\"font-style: inherit;\">mit Freude Familienmensch &amp; Gastgeberin&#8230;<\/span><\/li><li style=\"font-size: 15px;\"><span style=\"font-style: inherit;\">begeisterte Blumen &amp; Wildpflanzen-K\u00f6chin,<\/span><\/li><li style=\"font-size: 15px;\"><span style=\"font-style: inherit;\">Griechenland &amp; Italien-Liebhaberin,<\/span><\/li><li style=\"font-size: 15px;\"><span style=\"font-style: inherit;\">sinnlich, genussvoll, neugierig, lernbegeistert.<\/span><\/li><li style=\"font-size: 15px;\"><span style=\"font-style: inherit;\">Fr\u00fch musste ich\u00a0Schicksalsschl\u00e4ge \u00fcberwinden&#8230;\u00a0<\/span><\/li><li style=\"font-size: 15px;\"><span style=\"font-style: inherit;\">und schwierige Verluste bew\u00e4ltigen lernen.<\/span><\/li><li style=\"font-size: 15px;\"><span style=\"font-style: inherit;\">\u00dcber meine Sinne fand ich ungeahnte St\u00e4rke.<\/span><\/li><li style=\"font-size: 15px;\"><span style=\"font-style: inherit;\">Mich fasziniert (non)verbale Kommunikation, die alle Sinne einbezieht und deren Potential nutzt.<\/span><\/li><li style=\"font-size: 15px;\"><span style=\"font-style: inherit;\">Kommunikation mit dem Unbewussten, das bei den meisten ungenutzt verborgen bleibt.\u00a0<\/span><\/li><\/ul><\/div>\n\t\t\t\t<\/div>\n\t\t\t\t<\/div>\n\t\t\t\t\t\t<\/div>\n\t\t\t\t\t<\/div>\n\t\t<\/div>\n\t\t\t\t<div class=\"elementor-column elementor-col-50 elementor-inner-column elementor-element elementor-element-962ce25\" data-id=\"962ce25\" data-element_type=\"column\" data-settings=\"{&quot;background_background&quot;:&quot;classic&quot;}\">\n\t\t\t<div class=\"elementor-column-wrap elementor-element-populated\">\n\t\t\t\t\t\t\t<div class=\"elementor-widget-wrap\">\n\t\t\t\t\t\t<div class=\"elementor-element elementor-element-1dc594b2 elementor-widget elementor-widget-spacer\" data-id=\"1dc594b2\" data-element_type=\"widget\" data-widget_type=\"spacer.default\">\n\t\t\t\t<div class=\"elementor-widget-container\">\n\t\t\t\t\t<div class=\"elementor-spacer\">\n\t\t\t<div class=\"elementor-spacer-inner\"><\/div>\n\t\t<\/div>\n\t\t\t\t<\/div>\n\t\t\t\t<\/div>\n\t\t\t\t\t\t<\/div>\n\t\t\t\t\t<\/div>\n\t\t<\/div>\n\t\t\t\t\t\t\t\t<\/div>\n\t\t\t\t\t<\/div>\n\t\t<\/section>\n\t\t\t\t<section class=\"elementor-section elementor-inner-section elementor-element elementor-element-453898e3 elementor-section-content-middle elementor-reverse-mobile elementor-section-boxed elementor-section-height-default elementor-section-height-default\" data-id=\"453898e3\" data-element_type=\"section\">\n\t\t\t\t\t\t<div class=\"elementor-container elementor-column-gap-no\">\n\t\t\t\t\t\t\t<div class=\"elementor-row\">\n\t\t\t\t\t<div class=\"elementor-column elementor-col-50 elementor-inner-column elementor-element elementor-element-3c67fd44\" data-id=\"3c67fd44\" data-element_type=\"column\" data-settings=\"{&quot;background_background&quot;:&quot;slideshow&quot;,&quot;background_slideshow_gallery&quot;:[{&quot;id&quot;:807,&quot;url&quot;:&quot;http:\\\/\\\/selbstnis.de\\\/wp-content\\\/uploads\\\/2021\\\/02\\\/Frau-riecht-an-Bueten.jpg&quot;},{&quot;id&quot;:808,&quot;url&quot;:&quot;http:\\\/\\\/selbstnis.de\\\/wp-content\\\/uploads\\\/2021\\\/02\\\/Frau-auf-Schauke-Snnenaufgang.jpg&quot;}],&quot;background_slideshow_slide_transition&quot;:&quot;slide_left&quot;,&quot;background_slideshow_loop&quot;:&quot;yes&quot;,&quot;background_slideshow_slide_duration&quot;:5000,&quot;background_slideshow_transition_duration&quot;:500}\">\n\t\t\t<div class=\"elementor-column-wrap elementor-element-populated\">\n\t\t\t\t\t\t\t<div class=\"elementor-widget-wrap\">\n\t\t\t\t\t\t<div class=\"elementor-element elementor-element-49ac4985 elementor-widget elementor-widget-spacer\" data-id=\"49ac4985\" data-element_type=\"widget\" data-widget_type=\"spacer.default\">\n\t\t\t\t<div class=\"elementor-widget-container\">\n\t\t\t\t\t<div class=\"elementor-spacer\">\n\t\t\t<div class=\"elementor-spacer-inner\"><\/div>\n\t\t<\/div>\n\t\t\t\t<\/div>\n\t\t\t\t<\/div>\n\t\t\t\t\t\t<\/div>\n\t\t\t\t\t<\/div>\n\t\t<\/div>\n\t\t\t\t<div class=\"elementor-column elementor-col-50 elementor-inner-column elementor-element elementor-element-485ad9ad\" data-id=\"485ad9ad\" data-element_type=\"column\" data-settings=\"{&quot;background_background&quot;:&quot;classic&quot;}\">\n\t\t\t<div class=\"elementor-column-wrap elementor-element-populated\">\n\t\t\t\t\t\t\t<div class=\"elementor-widget-wrap\">\n\t\t\t\t\t\t<div class=\"elementor-element elementor-element-1f84465b elementor-widget elementor-widget-heading\" data-id=\"1f84465b\" data-element_type=\"widget\" data-widget_type=\"heading.default\">\n\t\t\t\t<div class=\"elementor-widget-container\">\n\t\t\t<h3 class=\"elementor-heading-title elementor-size-large\"><span style=\"font-size: 20px;\">Studium &amp; Ausbildung Kommunikations-Techniken<\/span><\/h3>\t\t<\/div>\n\t\t\t\t<\/div>\n\t\t\t\t<div class=\"elementor-element elementor-element-417e3a67 elementor-widget-divider--view-line elementor-widget elementor-widget-divider\" data-id=\"417e3a67\" data-element_type=\"widget\" data-widget_type=\"divider.default\">\n\t\t\t\t<div class=\"elementor-widget-container\">\n\t\t\t\t\t<div class=\"elementor-divider\">\n\t\t\t<span class=\"elementor-divider-separator\">\n\t\t\t\t\t\t<\/span>\n\t\t<\/div>\n\t\t\t\t<\/div>\n\t\t\t\t<\/div>\n\t\t\t\t<div class=\"elementor-element elementor-element-42ae5482 elementor-widget elementor-widget-text-editor\" data-id=\"42ae5482\" data-element_type=\"widget\" data-widget_type=\"text-editor.default\">\n\t\t\t\t<div class=\"elementor-widget-container\">\n\t\t\t\t\t<div class=\"elementor-text-editor elementor-clearfix\"><ul><li style=\"font-size: 15px;\"><a href=\"https:\/\/www.sinn4.de\/\u00fcber-mich\/\" target=\"_blank\" rel=\"noopener\"><span style=\"font-weight: normal;\">Ganzheitliche Osmopraktikerin (ASOMI)\u00a0<\/span><\/a>\u00a0 \u00a0 \u00a0 \u00a0\u00a0<\/li><li style=\"font-size: 15px;\">2013 \u00e4rztlich &amp; psychother. gepr\u00fcft &amp; anerkannt<\/li><li style=\"font-size: 15px;\">Aromatologin (ASOMI)\u00a0<\/li><li style=\"font-size: 15px;\">NLP-Practitioner (NLP Deutschland) Neurolinguistisches Programmieren, Mindset<\/li><li style=\"font-size: 15px;\">DK-Verfahrens-Coach (Phoenix Institut) \u00a0 \u00a0\u00a0<\/li><li style=\"font-size: 15px;\"><span style=\"font-style: inherit;\">Direkte Kommunikation mit dem Unbewussten<\/span><\/li><li>Dipl.-Des. (FH) &#8211; Visuelle Kommunikation<\/li><li style=\"font-size: 15px;\">Multimedia-Designerin (MMA)<\/li><li style=\"font-size: 15px;\">Betriebswirtin (GA)<\/li><\/ul><\/div>\n\t\t\t\t<\/div>\n\t\t\t\t<\/div>\n\t\t\t\t\t\t<\/div>\n\t\t\t\t\t<\/div>\n\t\t<\/div>\n\t\t\t\t\t\t\t\t<\/div>\n\t\t\t\t\t<\/div>\n\t\t<\/section>\n\t\t\t\t\t\t<\/div>\n\t\t\t\t\t<\/div>\n\t\t<\/div>\n\t\t\t\t\t\t\t\t<\/div>\n\t\t\t\t\t<\/div>\n\t\t<\/section>\n\t\t\t\t<section class=\"elementor-section elementor-top-section elementor-element elementor-element-2b85d81a elementor-section-stretched elementor-section-boxed elementor-section-height-default elementor-section-height-default\" data-id=\"2b85d81a\" data-element_type=\"section\" data-settings=\"{&quot;background_background&quot;:&quot;classic&quot;,&quot;stretch_section&quot;:&quot;section-stretched&quot;}\">\n\t\t\t\t\t\t<div class=\"elementor-container elementor-column-gap-no\">\n\t\t\t\t\t\t\t<div class=\"elementor-row\">\n\t\t\t\t\t<div class=\"elementor-column elementor-col-100 elementor-top-column elementor-element elementor-element-2c29136b\" data-id=\"2c29136b\" data-element_type=\"column\">\n\t\t\t<div class=\"elementor-column-wrap elementor-element-populated\">\n\t\t\t\t\t\t\t<div class=\"elementor-widget-wrap\">\n\t\t\t\t\t\t<section class=\"elementor-section elementor-inner-section elementor-element elementor-element-21bccf40 elementor-section-content-middle elementor-section-boxed elementor-section-height-default elementor-section-height-default\" data-id=\"21bccf40\" data-element_type=\"section\">\n\t\t\t\t\t\t<div class=\"elementor-container elementor-column-gap-default\">\n\t\t\t\t\t\t\t<div class=\"elementor-row\">\n\t\t\t\t\t<div class=\"elementor-column elementor-col-50 elementor-inner-column elementor-element elementor-element-7f88fdc6\" data-id=\"7f88fdc6\" data-element_type=\"column\" data-settings=\"{&quot;background_background&quot;:&quot;classic&quot;}\">\n\t\t\t<div class=\"elementor-column-wrap elementor-element-populated\">\n\t\t\t\t\t\t\t<div class=\"elementor-widget-wrap\">\n\t\t\t\t\t\t<div class=\"elementor-element elementor-element-6fa06ac8 elementor-widget elementor-widget-heading\" data-id=\"6fa06ac8\" data-element_type=\"widget\" data-widget_type=\"heading.default\">\n\t\t\t\t<div class=\"elementor-widget-container\">\n\t\t\t<h3 class=\"elementor-heading-title elementor-size-large\">Weiterbildungen<\/h3>\t\t<\/div>\n\t\t\t\t<\/div>\n\t\t\t\t<div class=\"elementor-element elementor-element-57ff3c9d elementor-widget-divider--view-line elementor-widget elementor-widget-divider\" data-id=\"57ff3c9d\" data-element_type=\"widget\" data-widget_type=\"divider.default\">\n\t\t\t\t<div class=\"elementor-widget-container\">\n\t\t\t\t\t<div class=\"elementor-divider\">\n\t\t\t<span class=\"elementor-divider-separator\">\n\t\t\t\t\t\t<\/span>\n\t\t<\/div>\n\t\t\t\t<\/div>\n\t\t\t\t<\/div>\n\t\t\t\t<div class=\"elementor-element elementor-element-7db75a68 elementor-widget elementor-widget-text-editor\" data-id=\"7db75a68\" data-element_type=\"widget\" data-widget_type=\"text-editor.default\">\n\t\t\t\t<div class=\"elementor-widget-container\">\n\t\t\t\t\t<div class=\"elementor-text-editor elementor-clearfix\"><ul><li style=\"font-size: 15px;\">Entwicklungspsychologie (ASOMI)<\/li><li style=\"font-size: 15px;\">Stresssymptome, \u00c4ngste und Blockaden<\/li><li style=\"font-size: 15px;\">Psychologische Farbdiagnostik (L\u00fcscher)\u00a0<\/li><li style=\"font-size: 15px;\">Gehirnphysiologie und Limbisches System<\/li><li style=\"font-size: 15px;\">Die 5 Sinne und Vernetzungstechniken<\/li><li style=\"font-size: 15px;\">Non-verbale und olfaktorische Kommunikation<\/li><li style=\"font-size: 15px;\"><a href=\"http:\/\/www.osmologie.de\/moderatoren.html\" target=\"_blank\" rel=\"noopener\"><span style=\"font-weight: normal;\">Referentin f\u00fcr aromanetz e.V.<\/span>\u00a0<\/a><\/li><li style=\"font-size: 15px;\">Energetische Zentren, Energiefluss, Energiearbeit<\/li><li style=\"font-size: 15px;\">Hypno-Coach (NLP Deutschland)<\/li><li style=\"font-size: 15px;\">Dozentin f\u00fcr Erwachsenenbildung (VHS)<\/li><li style=\"font-size: 15px;\">Ehrenamtliche F\u00f6rderung junger Erwachsener (Pers\u00f6nlichkeitsanalyse und Zukunftsplanung)<\/li><\/ul><\/div>\n\t\t\t\t<\/div>\n\t\t\t\t<\/div>\n\t\t\t\t\t\t<\/div>\n\t\t\t\t\t<\/div>\n\t\t<\/div>\n\t\t\t\t<div class=\"elementor-column elementor-col-50 elementor-inner-column elementor-element elementor-element-8ca44a\" data-id=\"8ca44a\" data-element_type=\"column\" data-settings=\"{&quot;background_background&quot;:&quot;classic&quot;}\">\n\t\t\t<div class=\"elementor-column-wrap elementor-element-populated\">\n\t\t\t\t\t\t\t<div class=\"elementor-widget-wrap\">\n\t\t\t\t\t\t<div class=\"elementor-element elementor-element-55ef37fb elementor-widget elementor-widget-spacer\" data-id=\"55ef37fb\" data-element_type=\"widget\" data-widget_type=\"spacer.default\">\n\t\t\t\t<div class=\"elementor-widget-container\">\n\t\t\t\t\t<div class=\"elementor-spacer\">\n\t\t\t<div class=\"elementor-spacer-inner\"><\/div>\n\t\t<\/div>\n\t\t\t\t<\/div>\n\t\t\t\t<\/div>\n\t\t\t\t\t\t<\/div>\n\t\t\t\t\t<\/div>\n\t\t<\/div>\n\t\t\t\t\t\t\t\t<\/div>\n\t\t\t\t\t<\/div>\n\t\t<\/section>\n\t\t\t\t\t\t<\/div>\n\t\t\t\t\t<\/div>\n\t\t<\/div>\n\t\t\t\t\t\t\t\t<\/div>\n\t\t\t\t\t<\/div>\n\t\t<\/section>\n\t\t\t\t<section class=\"elementor-section elementor-top-section elementor-element elementor-element-f3ffaab elementor-section-boxed elementor-section-height-default elementor-section-height-default\" data-id=\"f3ffaab\" data-element_type=\"section\">\n\t\t\t\t\t\t<div class=\"elementor-container elementor-column-gap-default\">\n\t\t\t\t\t\t\t<div class=\"elementor-row\">\n\t\t\t\t\t<div class=\"elementor-column elementor-col-100 elementor-top-column elementor-element elementor-element-33cec37\" data-id=\"33cec37\" data-element_type=\"column\">\n\t\t\t<div class=\"elementor-column-wrap\">\n\t\t\t\t\t\t\t<div class=\"elementor-widget-wrap\">\n\t\t\t\t\t\t\t\t<\/div>\n\t\t\t\t\t<\/div>\n\t\t<\/div>\n\t\t\t\t\t\t\t\t<\/div>\n\t\t\t\t\t<\/div>\n\t\t<\/section>\n\t\t\t\t<section class=\"elementor-section elementor-top-section elementor-element elementor-element-17d57f82 elementor-section-boxed elementor-section-height-default elementor-section-height-default\" data-id=\"17d57f82\" data-element_type=\"section\">\n\t\t\t\t\t\t<div class=\"elementor-container elementor-column-gap-default\">\n\t\t\t\t\t\t\t<div class=\"elementor-row\">\n\t\t\t\t\t<div class=\"elementor-column elementor-col-100 elementor-top-column elementor-element elementor-element-1e65c317\" data-id=\"1e65c317\" data-element_type=\"column\">\n\t\t\t<div class=\"elementor-column-wrap elementor-element-populated\">\n\t\t\t\t\t\t\t<div class=\"elementor-widget-wrap\">\n\t\t\t\t\t\t<div class=\"elementor-element elementor-element-5c995ce0 elementor-widget elementor-widget-image\" data-id=\"5c995ce0\" data-element_type=\"widget\" data-widget_type=\"image.default\">\n\t\t\t\t<div class=\"elementor-widget-container\">\n\t\t\t\t\t<div class=\"elementor-image\">\n\t\t\t\t\t\t\t\t\t\t<img loading=\"lazy\" decoding=\"async\" width=\"300\" height=\"219\" src=\"https:\/\/selbstnis.de\/wp-content\/uploads\/2021\/01\/Sebstnis-m-a-300x219.png\" class=\"attachment-medium size-medium\" alt=\"Selbstnis Logo Weck dein Potential\" srcset=\"https:\/\/selbstnis.de\/wp-content\/uploads\/2021\/01\/Sebstnis-m-a-300x219.png 300w, https:\/\/selbstnis.de\/wp-content\/uploads\/2021\/01\/Sebstnis-m-a-768x560.png 768w, https:\/\/selbstnis.de\/wp-content\/uploads\/2021\/01\/Sebstnis-m-a.png 916w\" sizes=\"auto, (max-width: 300px) 100vw, 300px\" \/>\t\t\t\t\t\t\t\t\t\t\t<\/div>\n\t\t\t\t<\/div>\n\t\t\t\t<\/div>\n\t\t\t\t\t\t<\/div>\n\t\t\t\t\t<\/div>\n\t\t<\/div>\n\t\t\t\t\t\t\t\t<\/div>\n\t\t\t\t\t<\/div>\n\t\t<\/section>\n\t\t\t\t<section class=\"elementor-section elementor-top-section elementor-element elementor-element-13eac54f elementor-section-stretched elementor-section-full_width elementor-section-height-default elementor-section-height-default\" data-id=\"13eac54f\" data-element_type=\"section\" data-settings=\"{&quot;stretch_section&quot;:&quot;section-stretched&quot;}\">\n\t\t\t\t\t\t<div class=\"elementor-container elementor-column-gap-wider\">\n\t\t\t\t\t\t\t<div class=\"elementor-row\">\n\t\t\t\t\t<div class=\"elementor-column elementor-col-100 elementor-top-column elementor-element elementor-element-7e62bd07\" data-id=\"7e62bd07\" data-element_type=\"column\" data-settings=\"{&quot;background_background&quot;:&quot;classic&quot;}\">\n\t\t\t<div class=\"elementor-column-wrap elementor-element-populated\">\n\t\t\t\t\t\t\t<div class=\"elementor-widget-wrap\">\n\t\t\t\t\t\t<div class=\"elementor-element elementor-element-b6564fb elementor-widget elementor-widget-text-editor\" data-id=\"b6564fb\" data-element_type=\"widget\" data-widget_type=\"text-editor.default\">\n\t\t\t\t<div class=\"elementor-widget-container\">\n\t\t\t\t\t<div class=\"elementor-text-editor elementor-clearfix\"><p><b>Lass\u00b4 uns gerne unverbindlich telefonieren und schauen, ob Selbstnis auch f\u00fcr Dich geeignet ist!<\/b><\/p><p><b>\u00a0<\/b><\/p><\/div>\n\t\t\t\t<\/div>\n\t\t\t\t<\/div>\n\t\t\t\t\t\t<\/div>\n\t\t\t\t\t<\/div>\n\t\t<\/div>\n\t\t\t\t\t\t\t\t<\/div>\n\t\t\t\t\t<\/div>\n\t\t<\/section>\n\t\t\t\t<section class=\"elementor-section elementor-top-section elementor-element elementor-element-6a3b6ec elementor-section-boxed elementor-section-height-default elementor-section-height-default\" data-id=\"6a3b6ec\" data-element_type=\"section\">\n\t\t\t\t\t\t<div class=\"elementor-container elementor-column-gap-default\">\n\t\t\t\t\t\t\t<div class=\"elementor-row\">\n\t\t\t\t\t<div class=\"elementor-column elementor-col-100 elementor-top-column elementor-element elementor-element-1d7faa5\" data-id=\"1d7faa5\" data-element_type=\"column\">\n\t\t\t<div class=\"elementor-column-wrap elementor-element-populated\">\n\t\t\t\t\t\t\t<div class=\"elementor-widget-wrap\">\n\t\t\t\t\t\t<div class=\"elementor-element elementor-element-c7403fb elementor-align-center elementor-widget elementor-widget-button\" data-id=\"c7403fb\" data-element_type=\"widget\" data-widget_type=\"button.default\">\n\t\t\t\t<div class=\"elementor-widget-container\">\n\t\t\t\t\t<div class=\"elementor-button-wrapper\">\n\t\t\t<a href=\"#%20calendly\" target=\"_blank\" class=\"elementor-button-link elementor-button elementor-size-sm\" role=\"button\">\n\t\t\t\t\t\t<span class=\"elementor-button-content-wrapper\">\n\t\t\t\t\t\t<span class=\"elementor-button-text\">Gespr\u00e4chstermin buchen<\/span>\n\t\t<\/span>\n\t\t\t\t\t<\/a>\n\t\t<\/div>\n\t\t\t\t<\/div>\n\t\t\t\t<\/div>\n\t\t\t\t\t\t<\/div>\n\t\t\t\t\t<\/div>\n\t\t<\/div>\n\t\t\t\t\t\t\t\t<\/div>\n\t\t\t\t\t<\/div>\n\t\t<\/section>\n\t\t\t\t\t\t<\/div>\n\t\t\t\t\t\t<\/div>\n\t\t\t\t\t<\/div>\n\t\t","protected":false},"excerpt":{"rendered":"<p>Pers\u00f6nlichkeitsentwicklung, Mut &amp; St\u00e4rkedurch innere Kommunikation Nerven st\u00e4rken, Stress reduzieren &amp; mit innerer Kommunikation Lebenskrisen \u00fcberwinden DEINE EXPERTIN F\u00dcR INNERE KOMMUNIKATION Herzlich willkommen! Sch\u00f6n, dass Du hier bist! Ich bin Karin, deine Selbstnis-Mentorin: geboren in den 1960-ern am sch\u00f6nen Bodensee, mit Freude Familienmensch &amp; Gastgeberin&#8230; begeisterte Blumen &amp; Wildpflanzen-K\u00f6chin, Griechenland &amp; Italien-Liebhaberin, sinnlich, genussvoll, neugierig, &hellip;<\/p>\n<p class=\"read-more\"> <a class=\"\" href=\"https:\/\/selbstnis.de\/?page_id=353\"> <span class=\"screen-reader-text\">\u00dcber mich<\/span> Weiterlesen &raquo;<\/a><\/p>\n","protected":false},"author":1,"featured_media":0,"parent":0,"menu_order":3,"comment_status":"closed","ping_status":"closed","template":"","meta":{"footnotes":""},"class_list":["post-353","page","type-page","status-publish","hentry"],"uagb_featured_image_src":{"full":false,"thumbnail":false,"medium":false,"medium_large":false,"large":false,"1536x1536":false,"2048x2048":false,"mailpoet_newsletter_max":false},"uagb_author_info":{"display_name":"Karin Leutenegger","author_link":"https:\/\/selbstnis.de\/author\/karin-leutenegger"},"uagb_comment_info":0,"uagb_excerpt":"Pers\u00f6nlichkeitsentwicklung, Mut &amp; St\u00e4rkedurch innere Kommunikation Nerven st\u00e4rken, Stress reduzieren &amp; mit innerer Kommunikation Lebenskrisen \u00fcberwinden DEINE EXPERTIN F\u00dcR INNERE KOMMUNIKATION Herzlich willkommen! Sch\u00f6n, dass Du hier bist! Ich bin Karin, deine Selbstnis-Mentorin: geboren in den 1960-ern am sch\u00f6nen Bodensee, mit Freude Familienmensch &amp; Gastgeberin&#8230; begeisterte Blumen &amp; Wildpflanzen-K\u00f6chin, Griechenland &amp; Italien-Liebhaberin, sinnlich, genussvoll, neugierig,&hellip;","_links":{"self":[{"href":"https:\/\/selbstnis.de\/index.php?rest_route=\/wp\/v2\/pages\/353","targetHints":{"allow":["GET"]}}],"collection":[{"href":"https:\/\/selbstnis.de\/index.php?rest_route=\/wp\/v2\/pages"}],"about":[{"href":"https:\/\/selbstnis.de\/index.php?rest_route=\/wp\/v2\/types\/page"}],"author":[{"embeddable":true,"href":"https:\/\/selbstnis.de\/index.php?rest_route=\/wp\/v2\/users\/1"}],"replies":[{"embeddable":true,"href":"https:\/\/selbstnis.de\/index.php?rest_route=%2Fwp%2Fv2%2Fcomments&post=353"}],"version-history":[{"count":143,"href":"https:\/\/selbstnis.de\/index.php?rest_route=\/wp\/v2\/pages\/353\/revisions"}],"predecessor-version":[{"id":1237,"href":"https:\/\/selbstnis.de\/index.php?rest_route=\/wp\/v2\/pages\/353\/revisions\/1237"}],"wp:attachment":[{"href":"https:\/\/selbstnis.de\/index.php?rest_route=%2Fwp%2Fv2%2Fmedia&parent=353"}],"curies":[{"name":"wp","href":"https:\/\/api.w.org\/{rel}","templated":true}]}}